{"id":1781,"date":"2022-01-22T21:22:53","date_gmt":"2022-01-22T21:22:53","guid":{"rendered":"http:\/\/renaissanceglassworks.com\/politique-de-confidentialite\/"},"modified":"2022-03-05T20:58:52","modified_gmt":"2022-03-05T20:58:52","slug":"politique-de-confidentialite","status":"publish","type":"page","link":"https:\/\/renaissanceglassworks.com\/fr\/politique-de-confidentialite\/","title":{"rendered":"Politique de confidentialit\u00e9"},"content":{"rendered":"\n\n[et_pb_section fb_built=\u00a0\u00bb1&Prime; admin_label=\u00a0\u00bbHeader\u00a0\u00bb _builder_version=\u00a0\u00bb3.24&Prime; background_image=\u00a0\u00bbhttp:\/\/renaissanceglassworks.com\/wp-content\/uploads\/2022\/01\/art-gallery-55.jpg\u00a0\u00bb background_size=\u00a0\u00bbinitial\u00a0\u00bb background_repeat=\u00a0\u00bbrepeat\u00a0\u00bb global_colors_info=\u00a0\u00bb{}\u00a0\u00bb][et_pb_row custom_padding_last_edited=\u00a0\u00bboff|phone\u00a0\u00bb _builder_version=\u00a0\u00bb3.25&Prime; background_position=\u00a0\u00bbbottom_center\u00a0\u00bb custom_padding_tablet=\u00a0\u00bb17vw||17vw||false\u00a0\u00bb use_custom_width=\u00a0\u00bbon\u00a0\u00bb width_unit=\u00a0\u00bboff\u00a0\u00bb custom_width_percent=\u00a0\u00bb100%\u00a0\u00bb locked=\u00a0\u00bboff\u00a0\u00bb global_colors_info=\u00a0\u00bb{}\u00a0\u00bb][et_pb_column type=\u00a0\u00bb4_4&Prime; _builder_version=\u00a0\u00bb3.25&Prime; custom_padding=\u00a0\u00bb|||\u00a0\u00bb global_colors_info=\u00a0\u00bb{}\u00a0\u00bb custom_padding__hover=\u00a0\u00bb|||\u00a0\u00bb][et_pb_text _builder_version=\u00a0\u00bb3.27.4&Prime; text_font=\u00a0\u00bb||||||||\u00a0\u00bb header_font=\u00a0\u00bb||||||||\u00a0\u00bb header_2_font=\u00a0\u00bbPrata|500|||||||\u00a0\u00bb header_2_text_align=\u00a0\u00bbleft\u00a0\u00bb header_2_font_size=\u00a0\u00bb56px\u00a0\u00bb header_2_line_height=\u00a0\u00bb1.3em\u00a0\u00bb transform_translate_linked=\u00a0\u00bboff\u00a0\u00bb max_width=\u00a0\u00bb100%\u00a0\u00bb max_width_tablet=\u00a0\u00bb70%\u00a0\u00bb max_width_last_edited=\u00a0\u00bboff|phone\u00a0\u00bb header_2_font_size_tablet=\u00a0\u00bb40px\u00a0\u00bb header_2_font_size_phone=\u00a0\u00bb26px\u00a0\u00bb header_2_font_size_last_edited=\u00a0\u00bbon|desktop\u00a0\u00bb global_colors_info=\u00a0\u00bb{}\u00a0\u00bb]<h2>Politique de confidentialit\u00e9<\/h2>[\/et_pb_text][\/et_pb_column][\/et_pb_row][et_pb_row _builder_version=\u00a0\u00bb3.25&Prime; global_colors_info=\u00a0\u00bb{}\u00a0\u00bb][et_pb_column type=\u00a0\u00bb4_4&Prime; _builder_version=\u00a0\u00bb3.25&Prime; custom_padding=\u00a0\u00bb|||\u00a0\u00bb global_colors_info=\u00a0\u00bb{}\u00a0\u00bb custom_padding__hover=\u00a0\u00bb|||\u00a0\u00bb][et_pb_text _builder_version=\u00a0\u00bb3.27.4&Prime; text_font=\u00a0\u00bb||||||||\u00a0\u00bb header_font=\u00a0\u00bb||||||||\u00a0\u00bb max_width=\u00a0\u00bb700px\u00a0\u00bb module_alignment=\u00a0\u00bbcenter\u00a0\u00bb global_colors_info=\u00a0\u00bb{}\u00a0\u00bb]<p><strong>DERNI\u00c8RE MISE \u00c0 JOUR DE CETTE POLITIQUE DE CONFIDENTIALIT\u00c9 &#8211; 23\/01\/2022<\/strong><\/p>\n<p><span>AVANT D&rsquo;UTILISER NOS SITES, VEUILLEZ LIRE ATTENTIVEMENT CETTE POLITIQUE DE CONFIDENTIALIT\u00c9.<\/span><\/p>\n<p><span>Cette politique de confidentialit\u00e9 s&rsquo;applique \u00e0 Renaissance Glassworks et d\u00e9finit notre politique sur la collecte et l&rsquo;utilisation des informations sur ce site et nos autres sites (collectivement \u00ab\u00a0Sites\u00a0\u00bb). Renaissance Glassworks s&rsquo;engage \u00e0 fournir des sites Web s\u00fbrs aux visiteurs de tous \u00e2ges et a mis en \u0153uvre cette politique de confidentialit\u00e9 pour d\u00e9montrer notre engagement ferme envers votre vie priv\u00e9e. Verrerie Renaissance se conforme aux lois et r\u00e8glements f\u00e9d\u00e9raux et provinciaux canadiens sur la protection de la vie priv\u00e9e, y compris la Loi sur les renseignements personnels et les documents \u00e9lectroniques.<\/span><\/p>\n<p><span>Il peut y avoir des liens de nos sites vers d&rsquo;autres sites Web ; notez que cette politique de confidentialit\u00e9 s&rsquo;applique uniquement \u00e0 nos sites et non aux sites Web d&rsquo;autres soci\u00e9t\u00e9s ou organisations auxquelles nos sites peuvent \u00eatre li\u00e9s. Vous devez v\u00e9rifier sur tous les sites li\u00e9s la politique de confidentialit\u00e9 qui s&rsquo;applique \u00e0 ce site et\/ou effectuer toutes les demandes n\u00e9cessaires concernant cette politique de confidentialit\u00e9 aupr\u00e8s de l&rsquo;op\u00e9rateur du site li\u00e9. Ces liens vers des sites Web tiers sont fournis \u00e0 titre de commodit\u00e9 et \u00e0 des fins d&rsquo;information uniquement. Renaissance Glassworks n&rsquo;approuve pas et n&rsquo;est pas responsable de ces sites Web li\u00e9s.<\/span><\/p>\n<p><span>Bien que vous ne soyez pas oblig\u00e9 de vous inscrire pour acc\u00e9der \u00e0 nos Sites, il peut vous \u00eatre demand\u00e9 de nous fournir des informations personnelles lorsque vous visitez certaines sections de nos Sites. Votre utilisation de nos sites signifie que vous reconnaissez et consentez \u00e0 notre politique de confidentialit\u00e9. Si vous n&rsquo;acceptez pas cette politique de confidentialit\u00e9, veuillez ne pas continuer \u00e0 utiliser nos sites. Votre utilisation continue des Sites signifie votre acceptation de ces conditions et de toute modification en vigueur au moment de l&rsquo;utilisation.<\/span><\/p>\n<p><strong>COLLECTE DE RENSEIGNEMENTS PERSONNELS<\/strong><\/p>\n<p>Les informations personnelles sont des informations vous concernant qui vous identifient en tant qu&rsquo;individu, par exemple, votre nom, votre adresse, votre adresse e-mail ou votre num\u00e9ro de t\u00e9l\u00e9phone.<\/p>\n<p>Nous collectons les informations que vous nous fournissez volontairement par le biais de r\u00e9ponses \u00e0 des enqu\u00eates, des fonctions de recherche, des questionnaires, des commentaires, des formulaires Racontez votre histoire, etc. Sur certains de nos sites, nous proposons des outils d&rsquo;\u00e9valuation de la sant\u00e9 qui vous demandent de fournir des informations d&rsquo;auto-\u00e9valuation. Nous pouvons \u00e9galement vous demander de fournir des informations suppl\u00e9mentaires telles que votre adresse e-mail si vous souhaitez obtenir des services suppl\u00e9mentaires, des informations, participer \u00e0 un concours ou r\u00e9soudre des plaintes ou des pr\u00e9occupations.<\/p>\n<p><strong>COMMENT LA SOCI\u00c9T\u00c9 UTILISE-T-ELLE LES INFORMATIONS RECUEILLIES SUR LES VISITEURS EN LIGNE ?<\/strong><\/p>\n<p><span>Avant de nous transmettre des informations personnelles, veuillez noter que toute information recueillie sur nos sites peut \u00eatre utilis\u00e9e dans son ensemble pour la recherche et le d\u00e9veloppement relatifs \u00e0 nos sites et\/ou pour le d\u00e9veloppement futur du site et, si vous nous le demandez, pour vous envoyer des informations promotionnelles. mat\u00e9riaux. En particulier, nous pouvons utiliser les informations recueillies \u00e0 votre sujet aux fins suivantes : surveiller l&rsquo;int\u00e9r\u00eat pour notre gamme de produits et nous aider \u00e0 adapter le contenu de nos sites \u00e0 vos besoins en collectant des informations sur vos pr\u00e9f\u00e9rences gr\u00e2ce au suivi des mod\u00e8les de pages vues sur nos sites ; cr\u00e9er un profil vous concernant afin de vous montrer le contenu qui pourrait vous int\u00e9resser et d&rsquo;afficher le contenu selon vos pr\u00e9f\u00e9rences ; et, dans les cas o\u00f9 vous avez indiqu\u00e9 que vous souhaitez recevoir des informations suppl\u00e9mentaires, pour vous envoyer des informations sur nous et du mat\u00e9riel promotionnel sur nos produits ainsi que des d\u00e9tails sur les offres que nous pourrions avoir de temps \u00e0 autre.<\/span><\/p>\n<p><strong>OFFRES PROMOTIONNELLES ET INFORMATIONNELLES<\/strong><\/p>\n<p><span>Avec la permission d&rsquo;un visiteur en ligne, les informations soumises au moment de l&rsquo;inscription ou de la soumission peuvent \u00eatre utilis\u00e9es \u00e0 des fins de marketing et de promotion par Renaissance Glassworks, \u00e0 condition qu&rsquo;un avis de ce fait soit disponible en ligne. Community Verified icon Open in Google Translate \u2022 Feedback view our products &#8211; French translation \u2013 Linguee https:\/\/www.linguee.com \u203a english-french \u203a view+our+&#8230; Many translated example sentences containing \u00ab\u00a0view our products\u00a0\u00bb \u2013 French-English dictionary and search engine for French translations. Si un visiteur s&rsquo;oppose \u00e0 une telle utilisation pour quelque raison que ce soit, il peut emp\u00eacher cette utilisation, soit par demande par e-mail, soit en modifiant les informations d&rsquo;enregistrement fournies. Renaissance Glassworks d\u00e9ploie des efforts raisonnables pour maintenir les informations des visiteurs dans un environnement s\u00e9curis\u00e9. Si vous avez soumis des informations personnelles et que vous souhaitez les modifier ou vous d\u00e9sinscrire, veuillez nous contacter comme d\u00e9crit ci-dessous.<\/span><\/p>\n<p><strong>DIVULGATION D&rsquo;INFORMATIONS<\/strong><\/p>\n<p><span>Verrerie Renaissance ne divulguera pas les informations personnelles que vous fournissez sur ses sites \u00e0 des tiers autres qu&rsquo;un agent de Verrerie Renaissance, sauf : i) conform\u00e9ment aux termes de la pr\u00e9sente politique de confidentialit\u00e9, ou ii) pour se conformer aux exigences l\u00e9gales telles qu&rsquo;une loi, un r\u00e8glement, un mandat, une citation \u00e0 compara\u00eetre ou une ordonnance d&rsquo;un tribunal, et\/ou iii) si vous signalez un \u00e9v\u00e9nement ind\u00e9sirable\/effet secondaire, auquel cas Verrerie Renaissance peut \u00eatre tenue de divulguer ces informations \u00e0 des organismes tels que, mais sans s&rsquo;y limiter, les autorit\u00e9s r\u00e9glementaires canadiennes et\/ou internationales. Veuillez noter que chacune de ces divulgations peut impliquer le stockage ou le traitement de renseignements personnels \u00e0 l&rsquo;ext\u00e9rieur du Canada et peut donc \u00eatre assujettie \u00e0 des lois sur la protection de la vie priv\u00e9e diff\u00e9rentes de celles applicables au Canada, y compris des lois qui exigent la divulgation de renseignements personnels aux autorit\u00e9s gouvernementales dans des circonstances qui sont diff\u00e9rents de ceux qui s&rsquo;appliquent au Canada.<\/span><\/p>\n<p><strong>COOKIES DU SITE WEB<\/strong><\/p>\n<p><span>Renaissance Glassworks, comme de nombreux op\u00e9rateurs de sites Web, peut utiliser une technologie standard appel\u00e9e \u00ab cookies \u00bb sur ses sites. Les cookies sont de petits fichiers de donn\u00e9es qui sont t\u00e9l\u00e9charg\u00e9s sur votre ordinateur lorsque vous visitez un site Web particulier. Vous pouvez d\u00e9sactiver les cookies en les d\u00e9sactivant dans votre navigateur ; cependant, certaines zones des sites peuvent ne pas fonctionner correctement si vous le faites.<\/span><\/p>\n<p><strong>PROTECTION DES ENFANTS EN LIGNE<\/strong><\/p>\n<p><span>Renaissance Glassworks consid\u00e8re que la protection de la vie priv\u00e9e des enfants, en particulier en ligne, est de la plus haute importance. Nous ne collectons ni ne sollicitons sciemment des informations personnelles aupr\u00e8s d&rsquo;enfants et nous ne leur permettons pas non plus de devenir des utilisateurs enregistr\u00e9s ou de demander des informations via nos sites ou nos lignes d&rsquo;information de recherche d&rsquo;aide.<\/span><\/p>\n<p><strong>CONDITIONS SUPPL\u00c9MENTAIRES POUR CERTAINS SITES WEB<\/strong><\/p>\n<p><span>Les informations suppl\u00e9mentaires suivantes s&rsquo;appliquent \u00e0 nos sites qui n\u00e9cessitent une inscription. En r\u00e8gle g\u00e9n\u00e9rale, vous n&rsquo;\u00eates pas tenu de fournir des informations personnelles comme condition d&rsquo;utilisation de nos sites, sauf si cela est n\u00e9cessaire pour vous fournir un produit ou un service que vous avez demand\u00e9. Cependant, certains de nos sites sont r\u00e9serv\u00e9s \u00e0 certaines personnes telles que les professionnels de la sant\u00e9 ou nos patients sous ordonnance et nous pouvons exiger que ces personnes s&rsquo;inscrivent d\u00e8s leur entr\u00e9e en nous fournissant certaines informations.<\/span><\/p>\n<p><strong>PROTECTION DES INFORMATIONS :<\/strong><\/p>\n<p><strong>Notre engagement envers la s\u00e9curit\u00e9<\/strong><\/p>\n<p><span>Nous avons mis en place des proc\u00e9dures physiques, \u00e9lectroniques et de gestion pour prot\u00e9ger et emp\u00eacher tout acc\u00e8s non autoris\u00e9, maintenir la s\u00e9curit\u00e9 des donn\u00e9es et utiliser correctement les informations que nous recueillons en ligne. Renaissance Glassworks applique des mesures de s\u00e9curit\u00e9 adapt\u00e9es \u00e0 la sensibilit\u00e9 des informations, telles que la conservation des informations dans des installations s\u00e9curis\u00e9es et la mise \u00e0 disposition des informations personnelles uniquement aux employ\u00e9s autoris\u00e9s en cas de besoin.<\/span><\/p>\n<p><strong>Stockage des informations :<\/strong><\/p>\n<p><span>Les informations personnelles que vous partagez avec nous sont stock\u00e9es sur nos serveurs de base de donn\u00e9es dans les centres de donn\u00e9es de Renaissance Glassworks (quel que soit le pays o\u00f9 ils se trouvent) ou h\u00e9berg\u00e9es par des tiers qui ont conclu des accords avec nous les obligeant \u00e0 respecter notre politique de confidentialit\u00e9.<\/span><\/p>\n<p><strong>CHANGEMENT DE POLITIQUE :<\/strong><\/p>\n<p><span>Si nous modifions notre politique de confidentialit\u00e9, toute modification sera publi\u00e9e sur cette page de notre site afin que vous soyez toujours inform\u00e9 des informations que nous collectons \u00e0 votre sujet, de la mani\u00e8re dont nous les utilisons et des circonstances dans lesquelles nous pouvons les divulguer.<\/span><\/p>\n<p><strong>ACCEPTATION DE NOTRE POLITIQUE DE CONFIDENTIALIT\u00c9 :<\/strong><\/p>\n<p><span>En utilisant ce site ou tout autre site de Verrerie Renaissance ou banni\u00e8res publicitaires interactives, vous signifiez votre acceptation de notre politique de confidentialit\u00e9 et vous adh\u00e9rez aux termes et conditions affich\u00e9s sur le site. En soumettant vos informations, vous acceptez qu&rsquo;elles soient r\u00e9gies par notre politique de confidentialit\u00e9.<\/span><\/p>\n<div class=\"google-auto-placed ap_container\"><\/div>[\/et_pb_text][\/et_pb_column][\/et_pb_row][\/et_pb_section][et_pb_section fb_built=\u00a0\u00bb1&Prime; admin_label=\u00a0\u00bbFooter\u00a0\u00bb _builder_version=\u00a0\u00bb3.24&Prime; background_size=\u00a0\u00bbinitial\u00a0\u00bb background_repeat=\u00a0\u00bbrepeat-y\u00a0\u00bb custom_padding=\u00a0\u00bb0px||21px|||\u00a0\u00bb global_module=\u00a0\u00bb585&Prime; saved_tabs=\u00a0\u00bball\u00a0\u00bb locked=\u00a0\u00bboff\u00a0\u00bb global_colors_info=\u00a0\u00bb{}\u00a0\u00bb][et_pb_row column_structure=\u00a0\u00bb1_4,1_4,1_4,1_4&Prime; use_custom_gutter=\u00a0\u00bbon\u00a0\u00bb gutter_width=\u00a0\u00bb2&Prime; _builder_version=\u00a0\u00bb3.25&Prime; border_width_top=\u00a0\u00bb2px\u00a0\u00bb global_colors_info=\u00a0\u00bb{}\u00a0\u00bb][et_pb_column type=\u00a0\u00bb1_4&Prime; _builder_version=\u00a0\u00bb3.25&Prime; custom_padding=\u00a0\u00bb|||\u00a0\u00bb global_colors_info=\u00a0\u00bb{}\u00a0\u00bb custom_padding__hover=\u00a0\u00bb|||\u00a0\u00bb][et_pb_text _builder_version=\u00a0\u00bb4.14.7&Prime; text_font=\u00a0\u00bb||||||||\u00a0\u00bb text_font_size=\u00a0\u00bb12px\u00a0\u00bb text_line_height=\u00a0\u00bb2em\u00a0\u00bb link_font=\u00a0\u00bb||||on||||\u00a0\u00bb link_text_color=\u00a0\u00bb#666666&Prime; header_font=\u00a0\u00bb||||||||\u00a0\u00bb header_text_align=\u00a0\u00bbleft\u00a0\u00bb header_3_font=\u00a0\u00bb|700||on|||||\u00a0\u00bb header_3_font_size=\u00a0\u00bb12px\u00a0\u00bb header_3_letter_spacing=\u00a0\u00bb5px\u00a0\u00bb header_3_line_height=\u00a0\u00bb1.8em\u00a0\u00bb max_width_tablet=\u00a0\u00bb70%\u00a0\u00bb max_width_last_edited=\u00a0\u00bboff|phone\u00a0\u00bb custom_padding=\u00a0\u00bb||0px|||\u00a0\u00bb header_3_font_size_tablet=\u00a0\u00bb\u00a0\u00bb header_3_font_size_phone=\u00a0\u00bb\u00a0\u00bb header_3_font_size_last_edited=\u00a0\u00bbon|desktop\u00a0\u00bb locked=\u00a0\u00bboff\u00a0\u00bb global_colors_info=\u00a0\u00bb{}\u00a0\u00bb]<h3>Adresse<\/h3>\n<p class=\"p1\"><span class=\"s1\">205, Saint-Denis, bureau 101<br><\/span><span class=\"s1\">Saint-Lambert (Qu\u00e9bec) Canada J4P 2G4<\/span><\/p>\n<p><span>11320 State Route 9<br><\/span><span>Suite 408106<br><\/span><span>Champlain, NY 12919<\/span><\/p>[\/et_pb_text][\/et_pb_column][et_pb_column type=\u00a0\u00bb1_4&Prime; _builder_version=\u00a0\u00bb3.25&Prime; custom_padding=\u00a0\u00bb|||\u00a0\u00bb global_colors_info=\u00a0\u00bb{}\u00a0\u00bb custom_padding__hover=\u00a0\u00bb|||\u00a0\u00bb][et_pb_text _builder_version=\u00a0\u00bb4.14.7&Prime; text_font=\u00a0\u00bb||||||||\u00a0\u00bb text_font_size=\u00a0\u00bb12px\u00a0\u00bb text_line_height=\u00a0\u00bb2em\u00a0\u00bb link_font=\u00a0\u00bb||||on||||\u00a0\u00bb link_text_color=\u00a0\u00bb#666666&Prime; header_font=\u00a0\u00bb||||||||\u00a0\u00bb header_text_align=\u00a0\u00bbleft\u00a0\u00bb header_3_font=\u00a0\u00bb|700||on|||||\u00a0\u00bb header_3_font_size=\u00a0\u00bb12px\u00a0\u00bb header_3_letter_spacing=\u00a0\u00bb5px\u00a0\u00bb header_3_line_height=\u00a0\u00bb1.8em\u00a0\u00bb max_width_tablet=\u00a0\u00bb70%\u00a0\u00bb max_width_last_edited=\u00a0\u00bboff|phone\u00a0\u00bb header_3_font_size_tablet=\u00a0\u00bb\u00a0\u00bb header_3_font_size_phone=\u00a0\u00bb\u00a0\u00bb header_3_font_size_last_edited=\u00a0\u00bbon|desktop\u00a0\u00bb locked=\u00a0\u00bboff\u00a0\u00bb global_colors_info=\u00a0\u00bb{}\u00a0\u00bb]<h3>Appeler ou t\u00e9l\u00e9copier<\/h3>\n<ul class=\"ul1\">\n<li class=\"li2\"><span class=\"s3\">T\u00e9l\u00e9phone : <\/span><span class=\"s1\">1 888 414-4022<\/span><span class=\"s5\"><br><\/span><\/li>\n<li class=\"li2\"><span class=\"s2\"><\/span><span class=\"s3\"> T\u00e9l\u00e9copier : <\/span><span class=\"s1\">450 923-7450<\/span><\/li>\n<\/ul>[\/et_pb_text][et_pb_text _builder_version=\u00a0\u00bb4.14.7&Prime; text_font=\u00a0\u00bb||||||||\u00a0\u00bb text_font_size=\u00a0\u00bb12px\u00a0\u00bb text_line_height=\u00a0\u00bb2em\u00a0\u00bb link_font=\u00a0\u00bb||||on||||\u00a0\u00bb link_text_color=\u00a0\u00bb#666666&Prime; header_font=\u00a0\u00bb||||||||\u00a0\u00bb header_text_align=\u00a0\u00bbleft\u00a0\u00bb header_3_font=\u00a0\u00bb|700||on|||||\u00a0\u00bb header_3_font_size=\u00a0\u00bb12px\u00a0\u00bb header_3_letter_spacing=\u00a0\u00bb5px\u00a0\u00bb header_3_line_height=\u00a0\u00bb1.8em\u00a0\u00bb max_width_tablet=\u00a0\u00bb70%\u00a0\u00bb max_width_last_edited=\u00a0\u00bboff|phone\u00a0\u00bb header_3_font_size_tablet=\u00a0\u00bb\u00a0\u00bb header_3_font_size_phone=\u00a0\u00bb\u00a0\u00bb header_3_font_size_last_edited=\u00a0\u00bbon|desktop\u00a0\u00bb locked=\u00a0\u00bboff\u00a0\u00bb global_colors_info=\u00a0\u00bb{}\u00a0\u00bb]<h3>Heures de travail<\/h3>\n<ul class=\"ul1\">\n<li class=\"li2\"><span class=\"s5\"><span class=\"s3\">du lundi au vendredi<\/span><\/span><\/li>\n<li class=\"li2\"><span class=\"s2\"><\/span><span class=\"s3\">8h00-17h00 HNE<\/span><\/li>\n<\/ul>[\/et_pb_text][\/et_pb_column][et_pb_column type=\u00a0\u00bb1_4&Prime; _builder_version=\u00a0\u00bb3.25&Prime; custom_padding=\u00a0\u00bb|||\u00a0\u00bb global_colors_info=\u00a0\u00bb{}\u00a0\u00bb custom_padding__hover=\u00a0\u00bb|||\u00a0\u00bb][et_pb_text _builder_version=\u00a0\u00bb4.14.7&Prime; text_font=\u00a0\u00bb||||||||\u00a0\u00bb text_font_size=\u00a0\u00bb12px\u00a0\u00bb text_line_height=\u00a0\u00bb2em\u00a0\u00bb link_font=\u00a0\u00bb||||||||\u00a0\u00bb link_text_color=\u00a0\u00bb#666666&Prime; header_font=\u00a0\u00bb||||||||\u00a0\u00bb header_text_align=\u00a0\u00bbleft\u00a0\u00bb header_3_font=\u00a0\u00bb|700||on|||||\u00a0\u00bb header_3_font_size=\u00a0\u00bb12px\u00a0\u00bb header_3_letter_spacing=\u00a0\u00bb5px\u00a0\u00bb header_3_line_height=\u00a0\u00bb1.8em\u00a0\u00bb max_width_tablet=\u00a0\u00bb70%\u00a0\u00bb max_width_last_edited=\u00a0\u00bboff|phone\u00a0\u00bb header_3_font_size_tablet=\u00a0\u00bb\u00a0\u00bb header_3_font_size_phone=\u00a0\u00bb\u00a0\u00bb header_3_font_size_last_edited=\u00a0\u00bbon|desktop\u00a0\u00bb locked=\u00a0\u00bboff\u00a0\u00bb global_colors_info=\u00a0\u00bb{}\u00a0\u00bb]<h3>E-mail<\/h3>\n<ul class=\"ul1\">\n<li class=\"li2\"><span class=\"s4\"><span class=\"s6\"><a href=\"mailto:info@renaissanceglassworks.com\"><span class=\"s5\">info@renaissanceglassworks.com<\/span><\/a><\/span><\/span><\/li>\n<\/ul>[\/et_pb_text][et_pb_text _builder_version=\u00a0\u00bb4.14.7&Prime; text_font=\u00a0\u00bb||||||||\u00a0\u00bb text_text_color=\u00a0\u00bb#000000&Prime; text_font_size=\u00a0\u00bb12px\u00a0\u00bb text_letter_spacing=\u00a0\u00bb4px\u00a0\u00bb text_line_height=\u00a0\u00bb2em\u00a0\u00bb link_font=\u00a0\u00bb||||on|||RGBA(255,255,255,0)|\u00a0\u00bb link_text_color=\u00a0\u00bb#666666&Prime; header_font=\u00a0\u00bb||||||||\u00a0\u00bb header_text_align=\u00a0\u00bbleft\u00a0\u00bb header_3_font=\u00a0\u00bb|700||on|||||\u00a0\u00bb header_3_font_size=\u00a0\u00bb12px\u00a0\u00bb header_3_letter_spacing=\u00a0\u00bb5px\u00a0\u00bb header_3_line_height=\u00a0\u00bb1.8em\u00a0\u00bb max_width_tablet=\u00a0\u00bb70%\u00a0\u00bb max_width_last_edited=\u00a0\u00bboff|phone\u00a0\u00bb header_3_font_size_tablet=\u00a0\u00bb\u00a0\u00bb header_3_font_size_phone=\u00a0\u00bb\u00a0\u00bb header_3_font_size_last_edited=\u00a0\u00bbon|desktop\u00a0\u00bb locked=\u00a0\u00bboff\u00a0\u00bb global_colors_info=\u00a0\u00bb{}\u00a0\u00bb]<ul>\n<li><strong><a href=\"http:\/\/renaissanceglassworks.com\/products\/\">Nos produits<\/a><\/strong><\/li>\n<li><strong><a href=\"http:\/\/renaissanceglassworks.com\/catalogues\/\">Nos Catalogues<\/a><\/strong><\/li>\n<li><strong><a href=\"http:\/\/renaissanceglassworks.com\/innovations\/\">Nouveaut\u00e9s<\/a><\/strong><\/li>\n<li><strong><a href=\"http:\/\/renaissanceglassworks.com\/contact\/\">Contactez-nous<\/a><\/strong><\/li>\n<\/ul>[\/et_pb_text][\/et_pb_column][et_pb_column type=\u00a0\u00bb1_4&Prime; _builder_version=\u00a0\u00bb3.25&Prime; custom_padding=\u00a0\u00bb|||\u00a0\u00bb global_colors_info=\u00a0\u00bb{}\u00a0\u00bb custom_padding__hover=\u00a0\u00bb|||\u00a0\u00bb][et_pb_image src=\u00a0\u00bbhttp:\/\/renaissanceglassworks.com\/wp-content\/uploads\/2022\/01\/header_logo.png\u00a0\u00bb alt=\u00a0\u00bbRenaissance Glassworks\u00a0\u00bb title_text=\u00a0\u00bbheader_logo\u00a0\u00bb url=\u00a0\u00bb@ET-DC@eyJkeW5hbWljIjp0cnVlLCJjb250ZW50IjoicG9zdF9saW5rX3VybF9wYWdlIiwic2V0dGluZ3MiOnsicG9zdF9pZCI6IjE2In19@\u00a0\u00bb _builder_version=\u00a0\u00bb4.14.7&Prime; _dynamic_attributes=\u00a0\u00bburl\u00a0\u00bb _module_preset=\u00a0\u00bbdefault\u00a0\u00bb global_colors_info=\u00a0\u00bb{}\u00a0\u00bb][\/et_pb_image][\/et_pb_column][\/et_pb_row][\/et_pb_section]\n\n","protected":false},"excerpt":{"rendered":"<p>Politique de confidentialit\u00e9DERNI\u00c8RE MISE \u00c0 JOUR DE CETTE POLITIQUE DE CONFIDENTIALIT\u00c9 &#8211; 23\/01\/2022 AVANT D&rsquo;UTILISER NOS SITES, VEUILLEZ LIRE ATTENTIVEMENT CETTE POLITIQUE DE CONFIDENTIALIT\u00c9. Cette politique de confidentialit\u00e9 s&rsquo;applique \u00e0 Renaissance Glassworks et d\u00e9finit notre politique sur la collecte et l&rsquo;utilisation des informations sur ce site et nos autres sites (collectivement \u00ab\u00a0Sites\u00a0\u00bb). Renaissance Glassworks s&rsquo;engage [&hellip;]<\/p>\n","protected":false},"author":2,"featured_media":0,"parent":0,"menu_order":0,"comment_status":"closed","ping_status":"closed","template":"","meta":{"_et_pb_use_builder":"on","_et_pb_old_content":"","_et_gb_content_width":"","footnotes":""},"class_list":["post-1781","page","type-page","status-publish","hentry"],"aioseo_notices":[],"_links":{"self":[{"href":"https:\/\/renaissanceglassworks.com\/fr\/wp-json\/wp\/v2\/pages\/1781","targetHints":{"allow":["GET"]}}],"collection":[{"href":"https:\/\/renaissanceglassworks.com\/fr\/wp-json\/wp\/v2\/pages"}],"about":[{"href":"https:\/\/renaissanceglassworks.com\/fr\/wp-json\/wp\/v2\/types\/page"}],"author":[{"embeddable":true,"href":"https:\/\/renaissanceglassworks.com\/fr\/wp-json\/wp\/v2\/users\/2"}],"replies":[{"embeddable":true,"href":"https:\/\/renaissanceglassworks.com\/fr\/wp-json\/wp\/v2\/comments?post=1781"}],"version-history":[{"count":22,"href":"https:\/\/renaissanceglassworks.com\/fr\/wp-json\/wp\/v2\/pages\/1781\/revisions"}],"predecessor-version":[{"id":1810,"href":"https:\/\/renaissanceglassworks.com\/fr\/wp-json\/wp\/v2\/pages\/1781\/revisions\/1810"}],"wp:attachment":[{"href":"https:\/\/renaissanceglassworks.com\/fr\/wp-json\/wp\/v2\/media?parent=1781"}],"curies":[{"name":"wp","href":"https:\/\/api.w.org\/{rel}","templated":true}]}}