{"id":1845,"date":"2022-01-23T00:17:29","date_gmt":"2022-01-23T00:17:29","guid":{"rendered":"http:\/\/renaissanceglassworks.com\/nos-produits\/"},"modified":"2022-04-10T03:54:28","modified_gmt":"2022-04-10T03:54:28","slug":"nos-produits","status":"publish","type":"page","link":"https:\/\/renaissanceglassworks.com\/fr\/nos-produits\/","title":{"rendered":"Nos produits"},"content":{"rendered":"<p>[et_pb_section fb_built=\u00a0\u00bb1&Prime; admin_label=\u00a0\u00bbFeatures\u00a0\u00bb _builder_version=\u00a0\u00bb4.16&Prime; background_image=\u00a0\u00bbhttp:\/\/renaissanceglassworks.com\/wp-content\/uploads\/2022\/01\/art-gallery-55.jpg\u00a0\u00bb background_size=\u00a0\u00bbinitial\u00a0\u00bb background_repeat=\u00a0\u00bbrepeat\u00a0\u00bb custom_padding=\u00a0\u00bb36px||28px|||\u00a0\u00bb global_colors_info=\u00a0\u00bb{}\u00a0\u00bb][et_pb_row custom_padding_last_edited=\u00a0\u00bboff|phone\u00a0\u00bb _builder_version=\u00a0\u00bb4.16&Prime; background_position=\u00a0\u00bbbottom_center\u00a0\u00bb custom_padding_tablet=\u00a0\u00bb17vw||17vw||false\u00a0\u00bb use_custom_width=\u00a0\u00bbon\u00a0\u00bb width_unit=\u00a0\u00bboff\u00a0\u00bb custom_width_percent=\u00a0\u00bb100%\u00a0\u00bb locked=\u00a0\u00bboff\u00a0\u00bb global_colors_info=\u00a0\u00bb{}\u00a0\u00bb][et_pb_column type=\u00a0\u00bb4_4&Prime; _builder_version=\u00a0\u00bb4.16&Prime; custom_padding=\u00a0\u00bb|||\u00a0\u00bb global_colors_info=\u00a0\u00bb{}\u00a0\u00bb custom_padding__hover=\u00a0\u00bb|||\u00a0\u00bb][et_pb_text _builder_version=\u00a0\u00bb4.16&Prime; text_font=\u00a0\u00bb||||||||\u00a0\u00bb header_font=\u00a0\u00bb||||||||\u00a0\u00bb header_2_font=\u00a0\u00bbPrata|500|||||||\u00a0\u00bb header_2_font_size=\u00a0\u00bb56px\u00a0\u00bb header_2_line_height=\u00a0\u00bb1.3em\u00a0\u00bb header_3_font=\u00a0\u00bb|700||on|||||\u00a0\u00bb header_3_text_color=\u00a0\u00bbrgba(0,0,0,0.35)\u00a0\u00bb header_3_font_size=\u00a0\u00bb12px\u00a0\u00bb header_3_letter_spacing=\u00a0\u00bb5px\u00a0\u00bb header_3_line_height=\u00a0\u00bb2em\u00a0\u00bb transform_translate_linked=\u00a0\u00bboff\u00a0\u00bb text_orientation=\u00a0\u00bbcenter\u00a0\u00bb max_width=\u00a0\u00bb700px\u00a0\u00bb max_width_tablet=\u00a0\u00bb70%\u00a0\u00bb max_width_last_edited=\u00a0\u00bboff|phone\u00a0\u00bb module_alignment=\u00a0\u00bbcenter\u00a0\u00bb header_2_font_size_tablet=\u00a0\u00bb40px\u00a0\u00bb header_2_font_size_phone=\u00a0\u00bb26px\u00a0\u00bb header_2_font_size_last_edited=\u00a0\u00bbon|phone\u00a0\u00bb header_3_font_size_phone=\u00a0\u00bb10px\u00a0\u00bb header_3_font_size_last_edited=\u00a0\u00bboff|desktop\u00a0\u00bb module_alignment_last_edited=\u00a0\u00bboff|desktop\u00a0\u00bb text_text_align=\u00a0\u00bbcenter\u00a0\u00bb global_colors_info=\u00a0\u00bb{}\u00a0\u00bb]<\/p>\n<h3 class=\"p1\"><span class=\"s1\">Plongez au coeur du verre<\/span><\/h3>\n<h2 class=\"p1\"><span class=\"s1\">Explorez notre univers de transparence et de lumi\u00e8re<\/span><\/h2>\n<p>[\/et_pb_text][\/et_pb_column][\/et_pb_row][et_pb_row column_structure=\u00a0\u00bb1_4,1_4,1_4,1_4&Prime; use_custom_gutter=\u00a0\u00bbon\u00a0\u00bb gutter_width=\u00a0\u00bb2&Prime; _builder_version=\u00a0\u00bb4.16&Prime; locked=\u00a0\u00bboff\u00a0\u00bb global_colors_info=\u00a0\u00bb{}\u00a0\u00bb][et_pb_column type=\u00a0\u00bb1_4&Prime; _builder_version=\u00a0\u00bb4.16&Prime; custom_padding=\u00a0\u00bb|||\u00a0\u00bb global_colors_info=\u00a0\u00bb{}\u00a0\u00bb custom_padding__hover=\u00a0\u00bb|||\u00a0\u00bb][et_pb_image src=\u00a0\u00bbhttp:\/\/renaissanceglassworks.com\/wp-content\/uploads\/2022\/01\/31-290&#215;290-1.jpg\u00a0\u00bb title_text=\u00a0\u00bb31-290&#215;290&Prime; url=\u00a0\u00bb@ET-DC@eyJkeW5hbWljIjp0cnVlLCJjb250ZW50IjoicG9zdF9saW5rX3VybF9wYWdlIiwic2V0dGluZ3MiOnsicG9zdF9pZCI6Ijc1NyJ9fQ==@\u00a0\u00bb align=\u00a0\u00bbcenter\u00a0\u00bb _builder_version=\u00a0\u00bb4.16&Prime; _dynamic_attributes=\u00a0\u00bburl\u00a0\u00bb border_width_all=\u00a0\u00bb16px\u00a0\u00bb border_color_all=\u00a0\u00bb#ffffff\u00a0\u00bb border_width_all_last_edited=\u00a0\u00bboff|desktop\u00a0\u00bb box_shadow_style=\u00a0\u00bbpreset4&Prime; box_shadow_horizontal=\u00a0\u00bb0px\u00a0\u00bb box_shadow_vertical=\u00a0\u00bb0px\u00a0\u00bb box_shadow_spread=\u00a0\u00bb1px\u00a0\u00bb box_shadow_color=\u00a0\u00bbrgba(0,0,0,0.34)\u00a0\u00bb global_colors_info=\u00a0\u00bb{}\u00a0\u00bb box_shadow_color__hover=\u00a0\u00bb#000000&Prime; border_width_all__hover=\u00a0\u00bb20px\u00a0\u00bb][\/et_pb_image][et_pb_text ul_position=\u00a0\u00bbinside\u00a0\u00bb _builder_version=\u00a0\u00bb4.16&Prime; text_font=\u00a0\u00bb||||||||\u00a0\u00bb ul_font=\u00a0\u00bb||||||||\u00a0\u00bb header_font=\u00a0\u00bb|700|||||||\u00a0\u00bb header_font_size=\u00a0\u00bb20px\u00a0\u00bb header_line_height=\u00a0\u00bb1.3em\u00a0\u00bb header_2_font=\u00a0\u00bbPrata||||||||\u00a0\u00bb header_3_font=\u00a0\u00bb|700|||||||\u00a0\u00bb header_3_font_size=\u00a0\u00bb14px\u00a0\u00bb header_3_line_height=\u00a0\u00bb1.3em\u00a0\u00bb text_orientation=\u00a0\u00bbcenter\u00a0\u00bb text_text_align=\u00a0\u00bbcenter\u00a0\u00bb locked=\u00a0\u00bboff\u00a0\u00bb global_colors_info=\u00a0\u00bb{}\u00a0\u00bb]<\/p>\n<h2>ARCHITECTURAL<\/h2>\n<p>[\/et_pb_text][et_pb_text ul_position=\u00a0\u00bbinside\u00a0\u00bb _builder_version=\u00a0\u00bb4.16&Prime; text_font=\u00a0\u00bb||||||||\u00a0\u00bb ul_font=\u00a0\u00bb||||||||\u00a0\u00bb header_font=\u00a0\u00bb|700|||||||\u00a0\u00bb header_font_size=\u00a0\u00bb20px\u00a0\u00bb header_line_height=\u00a0\u00bb1.3em\u00a0\u00bb header_3_font=\u00a0\u00bb|700|||||||\u00a0\u00bb header_3_font_size=\u00a0\u00bb20px\u00a0\u00bb header_3_line_height=\u00a0\u00bb1.3em\u00a0\u00bb global_colors_info=\u00a0\u00bb{}\u00a0\u00bb]<\/p>\n<ul>\n<li><span class=\"s1\">Murs d&rsquo;eau et fontaines<\/span><\/li>\n<li><span class=\"s1\">Escaliers et rampes<\/span><\/li>\n<li><span class=\"s1\">Murs de foyers<br \/><\/span><\/li>\n<li><span class=\"s1\">Portes &#8211; int\u00e9rieur et ext\u00e9rieur<\/span><\/li>\n<li><span class=\"s1\">Ameublements<\/span><\/li>\n<li><span class=\"s1\">Ouvrages d&rsquo;art<\/span><\/li>\n<li><span class=\"s1\">Planchers et acc\u00e8s<\/span><\/li>\n<\/ul>\n<p>[\/et_pb_text][\/et_pb_column][et_pb_column type=\u00a0\u00bb1_4&Prime; _builder_version=\u00a0\u00bb4.16&Prime; custom_padding=\u00a0\u00bb|||\u00a0\u00bb global_colors_info=\u00a0\u00bb{}\u00a0\u00bb custom_padding__hover=\u00a0\u00bb|||\u00a0\u00bb][et_pb_image src=\u00a0\u00bbhttp:\/\/renaissanceglassworks.com\/wp-content\/uploads\/2022\/01\/25.jpg\u00a0\u00bb title_text=\u00a0\u00bb25&Prime; url=\u00a0\u00bb@ET-DC@eyJkeW5hbWljIjp0cnVlLCJjb250ZW50IjoicG9zdF9saW5rX3VybF9wYWdlIiwic2V0dGluZ3MiOnsicG9zdF9pZCI6IjcyNiJ9fQ==@\u00a0\u00bb align=\u00a0\u00bbcenter\u00a0\u00bb _builder_version=\u00a0\u00bb4.16&Prime; _dynamic_attributes=\u00a0\u00bburl\u00a0\u00bb border_width_all=\u00a0\u00bb16px\u00a0\u00bb border_color_all=\u00a0\u00bb#ffffff\u00a0\u00bb border_width_all_last_edited=\u00a0\u00bboff|desktop\u00a0\u00bb box_shadow_style=\u00a0\u00bbpreset4&Prime; box_shadow_horizontal=\u00a0\u00bb0px\u00a0\u00bb box_shadow_vertical=\u00a0\u00bb0px\u00a0\u00bb box_shadow_spread=\u00a0\u00bb1px\u00a0\u00bb box_shadow_color=\u00a0\u00bbrgba(0,0,0,0.34)\u00a0\u00bb global_colors_info=\u00a0\u00bb{}\u00a0\u00bb box_shadow_color__hover=\u00a0\u00bb#000000&Prime; border_width_all__hover=\u00a0\u00bb20px\u00a0\u00bb][\/et_pb_image][et_pb_text ul_position=\u00a0\u00bbinside\u00a0\u00bb _builder_version=\u00a0\u00bb4.16&Prime; text_font=\u00a0\u00bb||||||||\u00a0\u00bb ul_font=\u00a0\u00bb||||||||\u00a0\u00bb header_font=\u00a0\u00bb|700|||||||\u00a0\u00bb header_font_size=\u00a0\u00bb20px\u00a0\u00bb header_line_height=\u00a0\u00bb1.3em\u00a0\u00bb header_2_font=\u00a0\u00bbPrata||||||||\u00a0\u00bb header_3_font=\u00a0\u00bb|700|||||||\u00a0\u00bb header_3_font_size=\u00a0\u00bb14px\u00a0\u00bb header_3_line_height=\u00a0\u00bb1.3em\u00a0\u00bb text_orientation=\u00a0\u00bbcenter\u00a0\u00bb text_text_align=\u00a0\u00bbcenter\u00a0\u00bb locked=\u00a0\u00bboff\u00a0\u00bb global_colors_info=\u00a0\u00bb{}\u00a0\u00bb]<\/p>\n<h2>SALLE DE BAIN<\/h2>\n<p>[\/et_pb_text][et_pb_text ul_position=\u00a0\u00bbinside\u00a0\u00bb _builder_version=\u00a0\u00bb4.16&Prime; text_font=\u00a0\u00bb||||||||\u00a0\u00bb ul_font=\u00a0\u00bb||||||||\u00a0\u00bb header_font=\u00a0\u00bb|700|||||||\u00a0\u00bb header_font_size=\u00a0\u00bb20px\u00a0\u00bb header_line_height=\u00a0\u00bb1.3em\u00a0\u00bb header_3_font=\u00a0\u00bb|700|||||||\u00a0\u00bb header_3_font_size=\u00a0\u00bb20px\u00a0\u00bb header_3_line_height=\u00a0\u00bb1.3em\u00a0\u00bb global_colors_info=\u00a0\u00bb{}\u00a0\u00bb]<\/p>\n<ul>\n<li><span class=\"s1\">Lavabos<\/span><\/li>\n<li><span class=\"s1\">Comptoirs<\/span><\/li>\n<li><span class=\"s1\">Douches<\/span><\/li>\n<li><span class=\"s1\">Bases de douche<\/span><\/li>\n<li><span class=\"s1\">Recouvrements muraux<\/span><\/li>\n<li><span class=\"s1\">Miroirs<\/span><\/li>\n<li><span class=\"s1\">Accessoires<\/span>\n<ul class=\"ul1\"><\/ul>\n<\/li>\n<\/ul>\n<p>[\/et_pb_text][\/et_pb_column][et_pb_column type=\u00a0\u00bb1_4&Prime; _builder_version=\u00a0\u00bb4.16&Prime; custom_padding=\u00a0\u00bb|||\u00a0\u00bb global_colors_info=\u00a0\u00bb{}\u00a0\u00bb custom_padding__hover=\u00a0\u00bb|||\u00a0\u00bb][et_pb_image src=\u00a0\u00bbhttp:\/\/renaissanceglassworks.com\/wp-content\/uploads\/2022\/01\/24-220&#215;220-1.jpg\u00a0\u00bb title_text=\u00a0\u00bb24-220&#215;220&Prime; url=\u00a0\u00bb@ET-DC@eyJkeW5hbWljIjp0cnVlLCJjb250ZW50IjoicG9zdF9saW5rX3VybF9wYWdlIiwic2V0dGluZ3MiOnsicG9zdF9pZCI6Ijc1NCJ9fQ==@\u00a0\u00bb align=\u00a0\u00bbcenter\u00a0\u00bb _builder_version=\u00a0\u00bb4.16&Prime; _dynamic_attributes=\u00a0\u00bburl\u00a0\u00bb border_width_all=\u00a0\u00bb16px\u00a0\u00bb border_color_all=\u00a0\u00bb#ffffff\u00a0\u00bb border_width_all_last_edited=\u00a0\u00bboff|desktop\u00a0\u00bb box_shadow_style=\u00a0\u00bbpreset4&Prime; box_shadow_horizontal=\u00a0\u00bb0px\u00a0\u00bb box_shadow_vertical=\u00a0\u00bb0px\u00a0\u00bb box_shadow_spread=\u00a0\u00bb1px\u00a0\u00bb box_shadow_color=\u00a0\u00bbrgba(0,0,0,0.34)\u00a0\u00bb locked=\u00a0\u00bboff\u00a0\u00bb global_colors_info=\u00a0\u00bb{}\u00a0\u00bb box_shadow_color__hover=\u00a0\u00bb#000000&Prime; border_width_all__hover=\u00a0\u00bb20px\u00a0\u00bb][\/et_pb_image][et_pb_text ul_position=\u00a0\u00bbinside\u00a0\u00bb _builder_version=\u00a0\u00bb4.16&Prime; text_font=\u00a0\u00bb||||||||\u00a0\u00bb ul_font=\u00a0\u00bb||||||||\u00a0\u00bb header_font=\u00a0\u00bb|700|||||||\u00a0\u00bb header_font_size=\u00a0\u00bb20px\u00a0\u00bb header_line_height=\u00a0\u00bb1.3em\u00a0\u00bb header_2_font=\u00a0\u00bbPrata||||||||\u00a0\u00bb header_3_font=\u00a0\u00bb|700|||||||\u00a0\u00bb header_3_font_size=\u00a0\u00bb14px\u00a0\u00bb header_3_line_height=\u00a0\u00bb1.3em\u00a0\u00bb text_orientation=\u00a0\u00bbcenter\u00a0\u00bb text_text_align=\u00a0\u00bbcenter\u00a0\u00bb locked=\u00a0\u00bboff\u00a0\u00bb global_colors_info=\u00a0\u00bb{}\u00a0\u00bb]<\/p>\n<h2>COMMERCIAL<\/h2>\n<p>[\/et_pb_text][et_pb_text ul_position=\u00a0\u00bbinside\u00a0\u00bb _builder_version=\u00a0\u00bb4.16&Prime; text_font=\u00a0\u00bb||||||||\u00a0\u00bb ul_font=\u00a0\u00bb||||||||\u00a0\u00bb header_font=\u00a0\u00bb|700|||||||\u00a0\u00bb header_font_size=\u00a0\u00bb20px\u00a0\u00bb header_line_height=\u00a0\u00bb1.3em\u00a0\u00bb header_3_font=\u00a0\u00bb|700|||||||\u00a0\u00bb header_3_font_size=\u00a0\u00bb20px\u00a0\u00bb header_3_line_height=\u00a0\u00bb1.3em\u00a0\u00bb global_colors_info=\u00a0\u00bb{}\u00a0\u00bb]<\/p>\n<ul>\n<li><span class=\"s1\">Bureaux corporatifs<\/span><\/li>\n<li><span class=\"s1\">Boutiques<\/span><\/li>\n<li><span class=\"s1\">Signal\u00e9tique<\/span><\/li>\n<li><span class=\"s1\">H\u00f4tels<\/span><\/li>\n<li><span class=\"s1\">Restaurants<\/span><\/li>\n<\/ul>\n<p>[\/et_pb_text][\/et_pb_column][et_pb_column type=\u00a0\u00bb1_4&Prime; _builder_version=\u00a0\u00bb4.16&Prime; custom_padding=\u00a0\u00bb|||\u00a0\u00bb global_colors_info=\u00a0\u00bb{}\u00a0\u00bb custom_padding__hover=\u00a0\u00bb|||\u00a0\u00bb][et_pb_image src=\u00a0\u00bbhttp:\/\/renaissanceglassworks.com\/wp-content\/uploads\/2022\/01\/slider-1-300&#215;300-1.jpg\u00a0\u00bb title_text=\u00a0\u00bbslider-1-300&#215;300&Prime; url=\u00a0\u00bb@ET-DC@eyJkeW5hbWljIjp0cnVlLCJjb250ZW50IjoicG9zdF9saW5rX3VybF9wYWdlIiwic2V0dGluZ3MiOnsicG9zdF9pZCI6Ijc0MSJ9fQ==@\u00a0\u00bb align=\u00a0\u00bbcenter\u00a0\u00bb _builder_version=\u00a0\u00bb4.16&Prime; _dynamic_attributes=\u00a0\u00bburl\u00a0\u00bb border_width_all=\u00a0\u00bb16px\u00a0\u00bb border_color_all=\u00a0\u00bb#ffffff\u00a0\u00bb border_width_all_last_edited=\u00a0\u00bboff|desktop\u00a0\u00bb box_shadow_style=\u00a0\u00bbpreset4&Prime; box_shadow_horizontal=\u00a0\u00bb0px\u00a0\u00bb box_shadow_vertical=\u00a0\u00bb0px\u00a0\u00bb box_shadow_spread=\u00a0\u00bb1px\u00a0\u00bb box_shadow_color=\u00a0\u00bbrgba(0,0,0,0.34)\u00a0\u00bb global_colors_info=\u00a0\u00bb{}\u00a0\u00bb box_shadow_color__hover=\u00a0\u00bb#000000&Prime; border_width_all__hover=\u00a0\u00bb20px\u00a0\u00bb][\/et_pb_image][et_pb_text ul_position=\u00a0\u00bbinside\u00a0\u00bb _builder_version=\u00a0\u00bb4.16&Prime; text_font=\u00a0\u00bb||||||||\u00a0\u00bb ul_font=\u00a0\u00bb||||||||\u00a0\u00bb header_font=\u00a0\u00bb|700|||||||\u00a0\u00bb header_font_size=\u00a0\u00bb20px\u00a0\u00bb header_line_height=\u00a0\u00bb1.3em\u00a0\u00bb header_2_font=\u00a0\u00bbPrata||||||||\u00a0\u00bb header_3_font=\u00a0\u00bb|700|||||||\u00a0\u00bb header_3_font_size=\u00a0\u00bb14px\u00a0\u00bb header_3_line_height=\u00a0\u00bb1.3em\u00a0\u00bb text_orientation=\u00a0\u00bbcenter\u00a0\u00bb text_text_align=\u00a0\u00bbcenter\u00a0\u00bb locked=\u00a0\u00bboff\u00a0\u00bb global_colors_info=\u00a0\u00bb{}\u00a0\u00bb]<\/p>\n<h2>CUISINE<\/h2>\n<p>[\/et_pb_text][et_pb_text ul_position=\u00a0\u00bbinside\u00a0\u00bb _builder_version=\u00a0\u00bb4.16&Prime; text_font=\u00a0\u00bb||||||||\u00a0\u00bb ul_font=\u00a0\u00bb||||||||\u00a0\u00bb header_font=\u00a0\u00bb|700|||||||\u00a0\u00bb header_font_size=\u00a0\u00bb20px\u00a0\u00bb header_line_height=\u00a0\u00bb1.3em\u00a0\u00bb header_3_font=\u00a0\u00bb|700|||||||\u00a0\u00bb header_3_font_size=\u00a0\u00bb20px\u00a0\u00bb header_3_line_height=\u00a0\u00bb1.3em\u00a0\u00bb global_colors_info=\u00a0\u00bb{}\u00a0\u00bb]<\/p>\n<ul>\n<li><span class=\"s1\"><span class=\"s1\"><\/span><\/span><span class=\"s1\">Comptoirs<\/span><\/li>\n<li><span class=\"s1\">Comptoirs et bars<\/span><\/li>\n<li><span class=\"s1\">Dessus de tables<\/span><\/li>\n<li><span class=\"s1\">Dosserets (back splash)<\/span><\/li>\n<li><span class=\"s1\">Portes d&rsquo;armoires<\/span><\/li>\n<li><span class=\"s1\">Jambages<\/span><\/li>\n<\/ul>\n<p>[\/et_pb_text][\/et_pb_column][\/et_pb_row][\/et_pb_section][et_pb_section fb_built=\u00a0\u00bb1&Prime; _builder_version=\u00a0\u00bb4.16&Prime; _module_preset=\u00a0\u00bbdefault\u00a0\u00bb custom_padding=\u00a0\u00bb10px||9px|||\u00a0\u00bb global_colors_info=\u00a0\u00bb{}\u00a0\u00bb][et_pb_row _builder_version=\u00a0\u00bb4.16&Prime; _module_preset=\u00a0\u00bbdefault\u00a0\u00bb custom_margin=\u00a0\u00bb|auto|-12px|auto||\u00a0\u00bb custom_padding=\u00a0\u00bb9px||4px|||\u00a0\u00bb global_colors_info=\u00a0\u00bb{}\u00a0\u00bb][et_pb_column type=\u00a0\u00bb4_4&Prime; _builder_version=\u00a0\u00bb4.16&Prime; _module_preset=\u00a0\u00bbdefault\u00a0\u00bb global_colors_info=\u00a0\u00bb{}\u00a0\u00bb][et_pb_image src=\u00a0\u00bbhttp:\/\/renaissanceglassworks.com\/wp-content\/uploads\/2022\/01\/basin-pedestal.png\u00a0\u00bb title_text=\u00a0\u00bbbasin-pedestal\u00a0\u00bb align=\u00a0\u00bbcenter\u00a0\u00bb _builder_version=\u00a0\u00bb4.16&Prime; _module_preset=\u00a0\u00bbdefault\u00a0\u00bb min_height=\u00a0\u00bb623px\u00a0\u00bb custom_padding=\u00a0\u00bb||0px|||\u00a0\u00bb global_colors_info=\u00a0\u00bb{}\u00a0\u00bb][\/et_pb_image][\/et_pb_column][\/et_pb_row][\/et_pb_section][et_pb_section fb_built=\u00a0\u00bb1&Prime; admin_label=\u00a0\u00bbFooter\u00a0\u00bb _builder_version=\u00a0\u00bb4.16&Prime; background_size=\u00a0\u00bbinitial\u00a0\u00bb background_repeat=\u00a0\u00bbrepeat-y\u00a0\u00bb custom_padding=\u00a0\u00bb0px||21px|||\u00a0\u00bb saved_tabs=\u00a0\u00bball\u00a0\u00bb locked=\u00a0\u00bboff\u00a0\u00bb global_colors_info=\u00a0\u00bb{}\u00a0\u00bb][et_pb_row column_structure=\u00a0\u00bb1_4,1_4,1_4,1_4&Prime; use_custom_gutter=\u00a0\u00bbon\u00a0\u00bb gutter_width=\u00a0\u00bb2&Prime; _builder_version=\u00a0\u00bb4.16&Prime; border_width_top=\u00a0\u00bb2px\u00a0\u00bb saved_tabs=\u00a0\u00bball\u00a0\u00bb global_colors_info=\u00a0\u00bb{}\u00a0\u00bb theme_builder_area=\u00a0\u00bbpost_content\u00a0\u00bb][et_pb_column type=\u00a0\u00bb1_4&Prime; _builder_version=\u00a0\u00bb4.16&Prime; custom_padding=\u00a0\u00bb|||\u00a0\u00bb global_colors_info=\u00a0\u00bb{}\u00a0\u00bb custom_padding__hover=\u00a0\u00bb|||\u00a0\u00bb theme_builder_area=\u00a0\u00bbpost_content\u00a0\u00bb][et_pb_text _builder_version=\u00a0\u00bb4.17.0&Prime; text_font=\u00a0\u00bb||||||||\u00a0\u00bb text_font_size=\u00a0\u00bb12px\u00a0\u00bb text_line_height=\u00a0\u00bb2em\u00a0\u00bb link_font=\u00a0\u00bb||||on||||\u00a0\u00bb link_text_color=\u00a0\u00bb#666666&Prime; header_font=\u00a0\u00bb||||||||\u00a0\u00bb header_text_align=\u00a0\u00bbleft\u00a0\u00bb header_3_font=\u00a0\u00bb|700||on|||||\u00a0\u00bb header_3_font_size=\u00a0\u00bb12px\u00a0\u00bb header_3_letter_spacing=\u00a0\u00bb5px\u00a0\u00bb header_3_line_height=\u00a0\u00bb1.8em\u00a0\u00bb max_width_tablet=\u00a0\u00bb70%\u00a0\u00bb max_width_last_edited=\u00a0\u00bboff|phone\u00a0\u00bb custom_padding=\u00a0\u00bb||0px|||\u00a0\u00bb header_3_font_size_tablet=\u00a0\u00bb\u00a0\u00bb header_3_font_size_phone=\u00a0\u00bb\u00a0\u00bb header_3_font_size_last_edited=\u00a0\u00bbon|desktop\u00a0\u00bb locked=\u00a0\u00bboff\u00a0\u00bb global_colors_info=\u00a0\u00bb{}\u00a0\u00bb theme_builder_area=\u00a0\u00bbpost_content\u00a0\u00bb]<\/p>\n<h3>Adresse<\/h3>\n<p class=\"p1\"><span class=\"s1\"><strong>Manufacturing Plant<\/strong><br \/>205, Saint-Denis, bureau 101<br \/><\/span><span class=\"s1\">Saint-Lambert (Qu\u00e9bec) Canada J4P 2G4<\/span><\/p>\n<p><span><strong>US Distribution Center<\/strong><br \/>11320 State Route 9<br \/><\/span><span>Suite 408106<br \/><\/span><span>Champlain, NY 12919<\/span><\/p>\n<p>[\/et_pb_text][\/et_pb_column][et_pb_column type=\u00a0\u00bb1_4&Prime; _builder_version=\u00a0\u00bb4.16&Prime; custom_padding=\u00a0\u00bb|||\u00a0\u00bb global_colors_info=\u00a0\u00bb{}\u00a0\u00bb custom_padding__hover=\u00a0\u00bb|||\u00a0\u00bb theme_builder_area=\u00a0\u00bbpost_content\u00a0\u00bb][et_pb_text _builder_version=\u00a0\u00bb4.17.0&Prime; text_font=\u00a0\u00bb||||||||\u00a0\u00bb text_font_size=\u00a0\u00bb12px\u00a0\u00bb text_line_height=\u00a0\u00bb2em\u00a0\u00bb link_font=\u00a0\u00bb||||on||||\u00a0\u00bb link_text_color=\u00a0\u00bb#666666&Prime; header_font=\u00a0\u00bb||||||||\u00a0\u00bb header_text_align=\u00a0\u00bbleft\u00a0\u00bb header_3_font=\u00a0\u00bb|700||on|||||\u00a0\u00bb header_3_font_size=\u00a0\u00bb12px\u00a0\u00bb header_3_letter_spacing=\u00a0\u00bb5px\u00a0\u00bb header_3_line_height=\u00a0\u00bb1.8em\u00a0\u00bb max_width_tablet=\u00a0\u00bb70%\u00a0\u00bb max_width_last_edited=\u00a0\u00bboff|phone\u00a0\u00bb header_3_font_size_tablet=\u00a0\u00bb\u00a0\u00bb header_3_font_size_phone=\u00a0\u00bb\u00a0\u00bb header_3_font_size_last_edited=\u00a0\u00bbon|desktop\u00a0\u00bb locked=\u00a0\u00bboff\u00a0\u00bb global_colors_info=\u00a0\u00bb{}\u00a0\u00bb theme_builder_area=\u00a0\u00bbpost_content\u00a0\u00bb]<\/p>\n<h3>Appeler<\/h3>\n<ul class=\"ul1\">\n<li class=\"li2\"><span class=\"s3\">T\u00e9l\u00e9phone : <\/span><span class=\"s1\">1 888 414-4022<\/span><span class=\"s5\"><\/span><\/li>\n<\/ul>\n<p>[\/et_pb_text][et_pb_text _builder_version=\u00a0\u00bb4.16&Prime; text_font=\u00a0\u00bb||||||||\u00a0\u00bb text_font_size=\u00a0\u00bb12px\u00a0\u00bb text_line_height=\u00a0\u00bb2em\u00a0\u00bb link_font=\u00a0\u00bb||||on||||\u00a0\u00bb link_text_color=\u00a0\u00bb#666666&Prime; header_font=\u00a0\u00bb||||||||\u00a0\u00bb header_text_align=\u00a0\u00bbleft\u00a0\u00bb header_3_font=\u00a0\u00bb|700||on|||||\u00a0\u00bb header_3_font_size=\u00a0\u00bb12px\u00a0\u00bb header_3_letter_spacing=\u00a0\u00bb5px\u00a0\u00bb header_3_line_height=\u00a0\u00bb1.8em\u00a0\u00bb max_width_tablet=\u00a0\u00bb70%\u00a0\u00bb max_width_last_edited=\u00a0\u00bboff|phone\u00a0\u00bb header_3_font_size_tablet=\u00a0\u00bb\u00a0\u00bb header_3_font_size_phone=\u00a0\u00bb\u00a0\u00bb header_3_font_size_last_edited=\u00a0\u00bbon|desktop\u00a0\u00bb locked=\u00a0\u00bboff\u00a0\u00bb global_colors_info=\u00a0\u00bb{}\u00a0\u00bb theme_builder_area=\u00a0\u00bbpost_content\u00a0\u00bb]<\/p>\n<h3>Heures de travail<\/h3>\n<ul class=\"ul1\">\n<li class=\"li2\"><span class=\"s5\"><span class=\"s3\">du lundi au vendredi<\/span><\/span><\/li>\n<li class=\"li2\"><span class=\"s2\"><\/span><span class=\"s3\">8h00-17h00 HNE<\/span><\/li>\n<\/ul>\n<p>[\/et_pb_text][\/et_pb_column][et_pb_column type=\u00a0\u00bb1_4&Prime; _builder_version=\u00a0\u00bb4.16&Prime; custom_padding=\u00a0\u00bb|||\u00a0\u00bb global_colors_info=\u00a0\u00bb{}\u00a0\u00bb custom_padding__hover=\u00a0\u00bb|||\u00a0\u00bb theme_builder_area=\u00a0\u00bbpost_content\u00a0\u00bb][et_pb_text _builder_version=\u00a0\u00bb4.16&Prime; text_font=\u00a0\u00bb||||||||\u00a0\u00bb text_font_size=\u00a0\u00bb12px\u00a0\u00bb text_line_height=\u00a0\u00bb2em\u00a0\u00bb link_font=\u00a0\u00bb||||||||\u00a0\u00bb link_text_color=\u00a0\u00bb#666666&Prime; header_font=\u00a0\u00bb||||||||\u00a0\u00bb header_text_align=\u00a0\u00bbleft\u00a0\u00bb header_3_font=\u00a0\u00bb|700||on|||||\u00a0\u00bb header_3_font_size=\u00a0\u00bb12px\u00a0\u00bb header_3_letter_spacing=\u00a0\u00bb5px\u00a0\u00bb header_3_line_height=\u00a0\u00bb1.8em\u00a0\u00bb max_width_tablet=\u00a0\u00bb70%\u00a0\u00bb max_width_last_edited=\u00a0\u00bboff|phone\u00a0\u00bb header_3_font_size_tablet=\u00a0\u00bb\u00a0\u00bb header_3_font_size_phone=\u00a0\u00bb\u00a0\u00bb header_3_font_size_last_edited=\u00a0\u00bbon|desktop\u00a0\u00bb locked=\u00a0\u00bboff\u00a0\u00bb global_colors_info=\u00a0\u00bb{}\u00a0\u00bb theme_builder_area=\u00a0\u00bbpost_content\u00a0\u00bb]<\/p>\n<h3>E-mail<\/h3>\n<ul class=\"ul1\">\n<li class=\"li2\"><span class=\"s4\"><span class=\"s6\"><a href=\"mailto:info@renaissanceglassworks.com\"><span class=\"s5\">info@renaissanceglassworks.com<\/span><\/a><\/span><\/span><\/li>\n<\/ul>\n<p>[\/et_pb_text][et_pb_text _builder_version=\u00a0\u00bb4.17.0&Prime; text_font=\u00a0\u00bb||||||||\u00a0\u00bb text_text_color=\u00a0\u00bb#000000&Prime; text_font_size=\u00a0\u00bb12px\u00a0\u00bb text_letter_spacing=\u00a0\u00bb4px\u00a0\u00bb text_line_height=\u00a0\u00bb2em\u00a0\u00bb link_font=\u00a0\u00bb||||on|||RGBA(255,255,255,0)|\u00a0\u00bb link_text_color=\u00a0\u00bb#666666&Prime; header_font=\u00a0\u00bb||||||||\u00a0\u00bb header_text_align=\u00a0\u00bbleft\u00a0\u00bb header_3_font=\u00a0\u00bb|700||on|||||\u00a0\u00bb header_3_font_size=\u00a0\u00bb12px\u00a0\u00bb header_3_letter_spacing=\u00a0\u00bb5px\u00a0\u00bb header_3_line_height=\u00a0\u00bb1.8em\u00a0\u00bb max_width_tablet=\u00a0\u00bb70%\u00a0\u00bb max_width_last_edited=\u00a0\u00bboff|phone\u00a0\u00bb header_3_font_size_tablet=\u00a0\u00bb\u00a0\u00bb header_3_font_size_phone=\u00a0\u00bb\u00a0\u00bb header_3_font_size_last_edited=\u00a0\u00bbon|desktop\u00a0\u00bb saved_tabs=\u00a0\u00bball\u00a0\u00bb locked=\u00a0\u00bboff\u00a0\u00bb global_colors_info=\u00a0\u00bb{}\u00a0\u00bb theme_builder_area=\u00a0\u00bbpost_content\u00a0\u00bb]<\/p>\n<ul>\n<li><strong><a href=\"https:\/\/renaissanceglassworks.com\/fr\/nos-produits\/\">Nos produits<\/a><\/strong><\/li>\n<li><strong><a href=\"https:\/\/renaissanceglassworks.com\/fr\/innovations\/\">Nos Nouveaut\u00e9s<\/a><\/strong><strong><\/strong><\/li>\n<li><strong><a href=\"https:\/\/renaissanceglassworks.com\/fr\/catalogues\/\">Nos Catalogues<\/a><\/strong><\/li>\n<li><strong><a href=\"https:\/\/renaissanceglassworks.com\/fr\/contactez-nous\/\">Contactez-nous<\/a><\/strong><\/li>\n<\/ul>\n<p>[\/et_pb_text][\/et_pb_column][et_pb_column type=\u00a0\u00bb1_4&Prime; _builder_version=\u00a0\u00bb4.16&Prime; custom_padding=\u00a0\u00bb|||\u00a0\u00bb global_colors_info=\u00a0\u00bb{}\u00a0\u00bb custom_padding__hover=\u00a0\u00bb|||\u00a0\u00bb theme_builder_area=\u00a0\u00bbpost_content\u00a0\u00bb][et_pb_image src=\u00a0\u00bbhttp:\/\/renaissanceglassworks.com\/wp-content\/uploads\/2022\/01\/header_logo.png\u00a0\u00bb alt=\u00a0\u00bbRenaissance Glassworks\u00a0\u00bb title_text=\u00a0\u00bbheader_logo\u00a0\u00bb url=\u00a0\u00bb@ET-DC@eyJkeW5hbWljIjp0cnVlLCJjb250ZW50IjoicG9zdF9saW5rX3VybF9wYWdlIiwic2V0dGluZ3MiOnsicG9zdF9pZCI6IjE2In19@\u00a0\u00bb _builder_version=\u00a0\u00bb4.16&Prime; _dynamic_attributes=\u00a0\u00bburl\u00a0\u00bb _module_preset=\u00a0\u00bbdefault\u00a0\u00bb global_colors_info=\u00a0\u00bb{}\u00a0\u00bb theme_builder_area=\u00a0\u00bbpost_content\u00a0\u00bb][\/et_pb_image][\/et_pb_column][\/et_pb_row][\/et_pb_section]<\/p>\n","protected":false},"excerpt":{"rendered":"<p>Plongez au coeur du verre Explorez notre univers de transparence et de lumi\u00e8reARCHITECTURAL Murs d&rsquo;eau et fontaines Escaliers et rampes Murs de foyers Portes &#8211; int\u00e9rieur et ext\u00e9rieur Ameublements Ouvrages d&rsquo;art Planchers et acc\u00e8s SALLE DE BAIN Lavabos Comptoirs Douches Bases de douche Recouvrements muraux Miroirs Accessoires COMMERCIAL Bureaux corporatifs Boutiques Signal\u00e9tique H\u00f4tels Restaurants CUISINE [&hellip;]<\/p>\n","protected":false},"author":2,"featured_media":0,"parent":0,"menu_order":0,"comment_status":"closed","ping_status":"closed","template":"","meta":{"_et_pb_use_builder":"on","_et_pb_old_content":"","_et_gb_content_width":"","footnotes":""},"class_list":["post-1845","page","type-page","status-publish","hentry"],"aioseo_notices":[],"_links":{"self":[{"href":"https:\/\/renaissanceglassworks.com\/fr\/wp-json\/wp\/v2\/pages\/1845","targetHints":{"allow":["GET"]}}],"collection":[{"href":"https:\/\/renaissanceglassworks.com\/fr\/wp-json\/wp\/v2\/pages"}],"about":[{"href":"https:\/\/renaissanceglassworks.com\/fr\/wp-json\/wp\/v2\/types\/page"}],"author":[{"embeddable":true,"href":"https:\/\/renaissanceglassworks.com\/fr\/wp-json\/wp\/v2\/users\/2"}],"replies":[{"embeddable":true,"href":"https:\/\/renaissanceglassworks.com\/fr\/wp-json\/wp\/v2\/comments?post=1845"}],"version-history":[{"count":6,"href":"https:\/\/renaissanceglassworks.com\/fr\/wp-json\/wp\/v2\/pages\/1845\/revisions"}],"predecessor-version":[{"id":2038,"href":"https:\/\/renaissanceglassworks.com\/fr\/wp-json\/wp\/v2\/pages\/1845\/revisions\/2038"}],"wp:attachment":[{"href":"https:\/\/renaissanceglassworks.com\/fr\/wp-json\/wp\/v2\/media?parent=1845"}],"curies":[{"name":"wp","href":"https:\/\/api.w.org\/{rel}","templated":true}]}}